{"id":18062,"date":"2019-10-12T13:50:32","date_gmt":"2019-10-12T19:50:32","guid":{"rendered":"https:\/\/hungarianassociation.com\/site\/?page_id=18062"},"modified":"2025-09-13T19:50:32","modified_gmt":"2025-09-13T23:50:32","slug":"payment-options","status":"publish","type":"page","link":"https:\/\/hungarianassociation.com\/en\/payment-options\/","title":{"rendered":"Payment options"},"content":{"rendered":"\t\t<div data-elementor-type=\"wp-page\" data-elementor-id=\"18062\" class=\"elementor elementor-18062 elementor-18056\" data-elementor-post-type=\"page\">\n\t\t\t\t\t\t<section class=\"elementor-section elementor-top-section elementor-element elementor-element-3e7639f elementor-section-boxed elementor-section-height-default elementor-section-height-default\" data-id=\"3e7639f\" data-element_type=\"section\" data-e-type=\"section\">\n\t\t\t\t\t\t<div class=\"elementor-container elementor-column-gap-default\">\n\t\t\t\t\t<div class=\"elementor-column elementor-col-100 elementor-top-column elementor-element elementor-element-19b8289\" data-id=\"19b8289\" data-element_type=\"column\" data-e-type=\"column\">\n\t\t\t<div class=\"elementor-widget-wrap elementor-element-populated\">\n\t\t\t\t\t\t<section class=\"elementor-section elementor-inner-section elementor-element elementor-element-9beeef7 elementor-section-boxed elementor-section-height-default elementor-section-height-default\" data-id=\"9beeef7\" data-element_type=\"section\" data-e-type=\"section\">\n\t\t\t\t\t\t<div class=\"elementor-container elementor-column-gap-default\">\n\t\t\t\t\t<div class=\"elementor-column elementor-col-50 elementor-inner-column elementor-element elementor-element-3c458d7\" data-id=\"3c458d7\" data-element_type=\"column\" data-e-type=\"column\">\n\t\t\t<div class=\"elementor-widget-wrap elementor-element-populated\">\n\t\t\t\t\t\t<div class=\"elementor-element elementor-element-74af91a elementor-widget elementor-widget-image\" data-id=\"74af91a\" data-element_type=\"widget\" data-e-type=\"widget\" data-widget_type=\"image.default\">\n\t\t\t\t<div class=\"elementor-widget-container\">\n\t\t\t\t\t\t\t\t\t\t\t\t\t\t\t<img fetchpriority=\"high\" decoding=\"async\" width=\"580\" height=\"548\" src=\"https:\/\/hungarianassociation.com\/wp-content\/uploads\/2021\/10\/HungarianAssociation-Logo-Medium-Transparentpng.png\" class=\"attachment-large size-large wp-image-19860\" alt=\"\" srcset=\"https:\/\/hungarianassociation.com\/wp-content\/uploads\/2021\/10\/HungarianAssociation-Logo-Medium-Transparentpng.png 600w, https:\/\/hungarianassociation.com\/wp-content\/uploads\/2021\/10\/HungarianAssociation-Logo-Medium-Transparentpng-300x284.png 300w\" sizes=\"(max-width: 580px) 100vw, 580px\" \/>\t\t\t\t\t\t\t\t\t\t\t\t\t\t\t<\/div>\n\t\t\t\t<\/div>\n\t\t\t\t\t<\/div>\n\t\t<\/div>\n\t\t\t\t<div class=\"elementor-column elementor-col-50 elementor-inner-column elementor-element elementor-element-be508de\" data-id=\"be508de\" data-element_type=\"column\" data-e-type=\"column\">\n\t\t\t<div class=\"elementor-widget-wrap elementor-element-populated\">\n\t\t\t\t\t\t<div class=\"elementor-element elementor-element-60d7bb5 elementor-widget elementor-widget-text-editor\" data-id=\"60d7bb5\" data-element_type=\"widget\" data-e-type=\"widget\" data-widget_type=\"text-editor.default\">\n\t\t\t\t<div class=\"elementor-widget-container\">\n\t\t\t\t\t\t\t\t\t<h3><em>Fill out the ORDER FORM and return it to the Hungarian Association<br \/>mailing address below.<\/em><\/h3><h2><em><span lang=\"HU\"><span style=\"color: #000000;\">Link: <a href=\"https:\/\/hungarianassociation.com\/wp-content\/uploads\/2025\/08\/VALASZLAP-es-info-2025-final.pdf\">2025 V\u00e1laszlap \u00e9s inform\u00e1ci\u00f3 PDF<\/a><\/span><\/span><\/em><\/h2><p><strong><span style=\"color: #008000;\">You can also order online and pay with PayPal at the bottom of this page.<\/span><\/strong><\/p>\t\t\t\t\t\t\t\t<\/div>\n\t\t\t\t<\/div>\n\t\t\t\t\t<\/div>\n\t\t<\/div>\n\t\t\t\t\t<\/div>\n\t\t<\/section>\n\t\t\t\t<div class=\"elementor-element elementor-element-4516e13 elementor-widget elementor-widget-text-editor\" data-id=\"4516e13\" data-element_type=\"widget\" data-e-type=\"widget\" data-widget_type=\"text-editor.default\">\n\t\t\t\t<div class=\"elementor-widget-container\">\n\t\t\t\t\t\t\t\t\t<p>\u00a0<\/p><p><strong>MAILING ADDRESS:<br \/><\/strong>Hungarian Association \/ Magyar T\u00e1rsas\u00e1g <br \/>P.O. Box 771066 <br \/>Cleveland, OH 44107 USA<\/p>\t\t\t\t\t\t\t\t<\/div>\n\t\t\t\t<\/div>\n\t\t\t\t<div class=\"elementor-element elementor-element-60d78a8 elementor-widget elementor-widget-text-editor\" data-id=\"60d78a8\" data-element_type=\"widget\" data-e-type=\"widget\" data-widget_type=\"text-editor.default\">\n\t\t\t\t<div class=\"elementor-widget-container\">\n\t\t\t\t\t\t\t\t\t<p>Checks should be made payable to: <strong>\u201cHungarian Association\u201d<\/strong><\/p>\t\t\t\t\t\t\t\t<\/div>\n\t\t\t\t<\/div>\n\t\t\t\t<div class=\"elementor-element elementor-element-f9c6e3b elementor-widget elementor-widget-text-editor\" data-id=\"f9c6e3b\" data-element_type=\"widget\" data-e-type=\"widget\" data-widget_type=\"text-editor.default\">\n\t\t\t\t<div class=\"elementor-widget-container\">\n\t\t\t\t\t\t\t\t\t<h2>64.\u00a0Hungarian Congress<\/h2><p><strong>November 28-29, 2025<\/strong><\/p><p><strong>Cleveland Marriott East Hotel, 26300 Harvard Road, Warrensville Heights, OH 44122<\/strong><\/p><p><strong>Reservation desk:\u00a0\u00a0<\/strong><a style=\"letter-spacing: -0.015em;\" href=\"tel:8669948599\" rel=\"nofollow\"><b>866-994-8599<\/b><\/a><\/p>\t\t\t\t\t\t\t\t<\/div>\n\t\t\t\t<\/div>\n\t\t\t\t<div class=\"elementor-element elementor-element-8a53402 elementor-widget elementor-widget-text-editor\" data-id=\"8a53402\" data-element_type=\"widget\" data-e-type=\"widget\" data-widget_type=\"text-editor.default\">\n\t\t\t\t<div class=\"elementor-widget-container\">\n\t\t\t\t\t\t\t\t\t<p><em>Questions \/ General information:<\/em><\/p><p><strong>(216) 651-4929 &#8211; Vali, evenings after 6 pm)<\/strong><\/p><p>\u00a0<\/p>\t\t\t\t\t\t\t\t<\/div>\n\t\t\t\t<\/div>\n\t\t\t\t<div class=\"elementor-element elementor-element-3f30909 elementor-widget elementor-widget-text-editor\" data-id=\"3f30909\" data-element_type=\"widget\" data-e-type=\"widget\" data-widget_type=\"text-editor.default\">\n\t\t\t\t<div class=\"elementor-widget-container\">\n\t\t\t\t\t\t\t\t\t<p>Email: <a href=\"mailto:magyar.tarsasag@gmail.com\">magyar.tarsasag@gmail.com<\/a><\/p>\t\t\t\t\t\t\t\t<\/div>\n\t\t\t\t<\/div>\n\t\t\t\t<div class=\"elementor-element elementor-element-2205372 elementor-widget elementor-widget-text-editor\" data-id=\"2205372\" data-element_type=\"widget\" data-e-type=\"widget\" data-widget_type=\"text-editor.default\">\n\t\t\t\t<div class=\"elementor-widget-container\">\n\t\t\t\t\t\t\t\t\t<h3><strong>INFORMATION and ORDERING TICKETS:\u00a0<\/strong><\/h3><div><strong>Online order link and PayPal payment option on the bottom of the linked page.<\/strong><\/div><h3><strong>Link:\u00a0\u00a0<\/strong><b><a href=\"https:\/\/hungarianassociation.com\/fizetesi-lehetoseg\/\">https:\/\/hungarianassociation.com\/fizetesi-lehetoseg\/<\/a>\u00a0<\/b><\/h3><p>\u00a0<\/p>\t\t\t\t\t\t\t\t<\/div>\n\t\t\t\t<\/div>\n\t\t\t\t\t<\/div>\n\t\t<\/div>\n\t\t\t\t\t<\/div>\n\t\t<\/section>\n\t\t\t\t<section class=\"elementor-section elementor-top-section elementor-element elementor-element-84adcc8 elementor-section-boxed elementor-section-height-default elementor-section-height-default\" data-id=\"84adcc8\" data-element_type=\"section\" data-e-type=\"section\">\n\t\t\t\t\t\t<div class=\"elementor-container elementor-column-gap-default\">\n\t\t\t\t\t<div class=\"elementor-column elementor-col-100 elementor-top-column elementor-element elementor-element-4a30dd6\" data-id=\"4a30dd6\" data-element_type=\"column\" data-e-type=\"column\">\n\t\t\t<div class=\"elementor-widget-wrap elementor-element-populated\">\n\t\t\t\t\t\t<div class=\"elementor-element elementor-element-b4989a6 elementor-widget elementor-widget-text-editor\" data-id=\"b4989a6\" data-element_type=\"widget\" data-e-type=\"widget\" data-widget_type=\"text-editor.default\">\n\t\t\t\t<div class=\"elementor-widget-container\">\n\t\t\t\t\t\t\t\t\t<p><strong>Support the Hungarian Association with your donations and participation!<\/strong><\/p>\t\t\t\t\t\t\t\t<\/div>\n\t\t\t\t<\/div>\n\t\t\t\t\t<\/div>\n\t\t<\/div>\n\t\t\t\t\t<\/div>\n\t\t<\/section>\n\t\t\t\t<\/div>\n\t\t","protected":false},"excerpt":{"rendered":"<p>Fill out the ORDER FORM and return it to the Hungarian Associationmailing address below. Link: 2025 V\u00e1laszlap \u00e9s inform\u00e1ci\u00f3 PDF You can also order online and pay with PayPal at the bottom of this page. \u00a0 MAILING ADDRESS:Hungarian Association \/ Magyar T\u00e1rsas\u00e1g P.O. Box 771066 Cleveland, OH 44107 USA Checks should be made payable to: [&hellip;]<\/p>\n","protected":false},"author":7,"featured_media":0,"parent":0,"menu_order":0,"comment_status":"closed","ping_status":"closed","template":"elementor_header_footer","meta":{"inline_featured_image":false,"ngg_post_thumbnail":0,"footnotes":""},"class_list":["post-18062","page","type-page","status-publish","hentry"],"_links":{"self":[{"href":"https:\/\/hungarianassociation.com\/en\/wp-json\/wp\/v2\/pages\/18062","targetHints":{"allow":["GET"]}}],"collection":[{"href":"https:\/\/hungarianassociation.com\/en\/wp-json\/wp\/v2\/pages"}],"about":[{"href":"https:\/\/hungarianassociation.com\/en\/wp-json\/wp\/v2\/types\/page"}],"author":[{"embeddable":true,"href":"https:\/\/hungarianassociation.com\/en\/wp-json\/wp\/v2\/users\/7"}],"replies":[{"embeddable":true,"href":"https:\/\/hungarianassociation.com\/en\/wp-json\/wp\/v2\/comments?post=18062"}],"version-history":[{"count":99,"href":"https:\/\/hungarianassociation.com\/en\/wp-json\/wp\/v2\/pages\/18062\/revisions"}],"predecessor-version":[{"id":25195,"href":"https:\/\/hungarianassociation.com\/en\/wp-json\/wp\/v2\/pages\/18062\/revisions\/25195"}],"wp:attachment":[{"href":"https:\/\/hungarianassociation.com\/en\/wp-json\/wp\/v2\/media?parent=18062"}],"curies":[{"name":"wp","href":"https:\/\/api.w.org\/{rel}","templated":true}]}}