{"id":183,"date":"2014-09-06T12:07:11","date_gmt":"2014-09-06T18:07:11","guid":{"rendered":"https:\/\/www.hungarianassociation.com\/site\/?page_id=183"},"modified":"2025-09-29T06:18:33","modified_gmt":"2025-09-29T10:18:33","slug":"events","status":"publish","type":"page","link":"https:\/\/hungarianassociation.com\/en\/events\/","title":{"rendered":"Events"},"content":{"rendered":"\t\t<div data-elementor-type=\"wp-page\" data-elementor-id=\"183\" class=\"elementor elementor-183 elementor-181\" data-elementor-post-type=\"page\">\n\t\t\t\t<div class=\"elementor-element elementor-element-55ba481 e-flex e-con-boxed e-con e-parent\" data-id=\"55ba481\" data-element_type=\"container\" data-e-type=\"container\">\n\t\t\t\t\t<div class=\"e-con-inner\">\n\t\t<div class=\"elementor-element elementor-element-5734b75 e-con-full e-flex e-con e-child\" data-id=\"5734b75\" data-element_type=\"container\" data-e-type=\"container\">\n\t\t\t\t<div class=\"elementor-element elementor-element-1741222 elementor-widget elementor-widget-theme-site-logo elementor-widget-image\" data-id=\"1741222\" data-element_type=\"widget\" data-e-type=\"widget\" data-widget_type=\"theme-site-logo.default\">\n\t\t\t\t<div class=\"elementor-widget-container\">\n\t\t\t\t\t\t\t\t\t\t\t<a href=\"https:\/\/hungarianassociation.com\/en\/\">\n\t\t\t<img fetchpriority=\"high\" decoding=\"async\" width=\"600\" height=\"567\" src=\"https:\/\/hungarianassociation.com\/wp-content\/uploads\/2021\/10\/cropped-HungarianAssociation-Logo-Medium-Transparentpng-1.png\" class=\"attachment-full size-full wp-image-20952\" alt=\"\" srcset=\"https:\/\/hungarianassociation.com\/wp-content\/uploads\/2021\/10\/cropped-HungarianAssociation-Logo-Medium-Transparentpng-1.png 600w, https:\/\/hungarianassociation.com\/wp-content\/uploads\/2021\/10\/cropped-HungarianAssociation-Logo-Medium-Transparentpng-1-300x284.png 300w\" sizes=\"(max-width: 600px) 100vw, 600px\" \/>\t\t\t\t<\/a>\n\t\t\t\t\t\t\t\t\t\t\t<\/div>\n\t\t\t\t<\/div>\n\t\t\t\t<\/div>\n\t\t<div class=\"elementor-element elementor-element-5703222 e-con-full e-flex e-con e-child\" data-id=\"5703222\" data-element_type=\"container\" data-e-type=\"container\">\n\t\t\t\t<div class=\"elementor-element elementor-element-e21e434 elementor-widget elementor-widget-heading\" data-id=\"e21e434\" data-element_type=\"widget\" data-e-type=\"widget\" data-widget_type=\"heading.default\">\n\t\t\t\t<div class=\"elementor-widget-container\">\n\t\t\t\t\t<h2 class=\"elementor-heading-title elementor-size-default\">HUNGARIAN ASSOCIATION<\/h2>\t\t\t\t<\/div>\n\t\t\t\t<\/div>\n\t\t\t\t<div class=\"elementor-element elementor-element-eeff30b elementor-widget elementor-widget-heading\" data-id=\"eeff30b\" data-element_type=\"widget\" data-e-type=\"widget\" data-widget_type=\"heading.default\">\n\t\t\t\t<div class=\"elementor-widget-container\">\n\t\t\t\t\t<h3 class=\"elementor-heading-title elementor-size-default\">The 64th Hungarian Congress \/ \u00c1rp\u00e1d Akad\u00e9mia \/ \u00c1rp\u00e1d Rend<\/h3>\t\t\t\t<\/div>\n\t\t\t\t<\/div>\n\t\t\t\t<div class=\"elementor-element elementor-element-dbd155a elementor-widget elementor-widget-text-editor\" data-id=\"dbd155a\" data-element_type=\"widget\" data-e-type=\"widget\" data-widget_type=\"text-editor.default\">\n\t\t\t\t<div class=\"elementor-widget-container\">\n\t\t\t\t\t\t\t\t\t<p><strong>November 28-29 2025<\/strong>\u00a0 \u00a0 \u00a0 \u00a0 \u00a0 Friday and Saturday of Thanksgiving weekend<\/p>\t\t\t\t\t\t\t\t<\/div>\n\t\t\t\t<\/div>\n\t\t\t\t<div class=\"elementor-element elementor-element-abb62bc elementor-widget__width-inherit elementor-widget elementor-widget-text-editor\" data-id=\"abb62bc\" data-element_type=\"widget\" data-e-type=\"widget\" data-widget_type=\"text-editor.default\">\n\t\t\t\t<div class=\"elementor-widget-container\">\n\t\t\t\t\t\t\t\t\t<h3>Cleveland Marriott East Hotel<\/h3><p><strong>26300 Harvard Rd., Warrensville Heights, OH 44122<\/strong><\/p><p><em>Cleveland Marriott East is located at I-271 and I-480 on the edge of Warrensville Heights, Ohio.<\/em><br \/><em>Our Beachwood, Ohio hotel is near the new, upscale Pinecrest Shopping District.<\/em><\/p>\t\t\t\t\t\t\t\t<\/div>\n\t\t\t\t<\/div>\n\t\t\t\t<\/div>\n\t\t\t\t\t<\/div>\n\t\t\t\t<\/div>\n\t\t<div class=\"elementor-element elementor-element-0aa80a8 e-flex e-con-boxed e-con e-parent\" data-id=\"0aa80a8\" data-element_type=\"container\" data-e-type=\"container\">\n\t\t\t\t\t<div class=\"e-con-inner\">\n\t\t\t\t<div class=\"elementor-element elementor-element-d19a616 elementor-widget-divider--view-line elementor-widget elementor-widget-divider\" data-id=\"d19a616\" data-element_type=\"widget\" data-e-type=\"widget\" data-widget_type=\"divider.default\">\n\t\t\t\t<div class=\"elementor-widget-container\">\n\t\t\t\t\t\t\t<div class=\"elementor-divider\">\n\t\t\t<span class=\"elementor-divider-separator\">\n\t\t\t\t\t\t<\/span>\n\t\t<\/div>\n\t\t\t\t\t\t<\/div>\n\t\t\t\t<\/div>\n\t\t\t\t<div class=\"elementor-element elementor-element-1800d51 elementor-widget elementor-widget-text-editor\" data-id=\"1800d51\" data-element_type=\"widget\" data-e-type=\"widget\" data-widget_type=\"text-editor.default\">\n\t\t\t\t<div class=\"elementor-widget-container\">\n\t\t\t\t\t\t\t\t\t<div class=\"elementor-element elementor-element-abb62bc elementor-widget__width-inherit elementor-widget elementor-widget-text-editor\" data-id=\"abb62bc\" data-element_type=\"widget\" data-widget_type=\"text-editor.default\"><div class=\"elementor-widget-container\">\u00a0<\/div><\/div><div class=\"elementor-element elementor-element-0a7a643 elementor-widget elementor-widget-heading\" data-id=\"0a7a643\" data-element_type=\"widget\" data-widget_type=\"heading.default\"><div class=\"elementor-widget-container\"><h2 class=\"elementor-heading-title elementor-size-default\"><span style=\"color: #000000;\">2025 Hungarian Congress theme:<\/span><\/h2><p>\u00a0<\/p><h2 class=\"elementor-heading-title elementor-size-default\"><span style=\"color: #008000;\">Hungarians Shaping the Future<\/span><\/h2><\/div><\/div>\t\t\t\t\t\t\t\t<\/div>\n\t\t\t\t<\/div>\n\t\t\t\t<div class=\"elementor-element elementor-element-6d70e78 elementor-widget elementor-widget-text-editor\" data-id=\"6d70e78\" data-element_type=\"widget\" data-e-type=\"widget\" data-widget_type=\"text-editor.default\">\n\t\t\t\t<div class=\"elementor-widget-container\">\n\t\t\t\t\t\t\t\t\t<p style=\"text-align: center;\"><em><strong>See the individual entries under Events.<\/strong><\/em><\/p>\t\t\t\t\t\t\t\t<\/div>\n\t\t\t\t<\/div>\n\t\t\t\t\t<\/div>\n\t\t\t\t<\/div>\n\t\t\t\t<section class=\"elementor-section elementor-top-section elementor-element elementor-element-59215b35 elementor-section-boxed elementor-section-height-default elementor-section-height-default\" data-id=\"59215b35\" data-element_type=\"section\" data-e-type=\"section\">\n\t\t\t\t\t\t<div class=\"elementor-container elementor-column-gap-default\">\n\t\t\t\t\t<div class=\"elementor-column elementor-col-100 elementor-top-column elementor-element elementor-element-5205a463\" data-id=\"5205a463\" data-element_type=\"column\" data-e-type=\"column\">\n\t\t\t<div class=\"elementor-widget-wrap elementor-element-populated\">\n\t\t\t\t\t\t<div class=\"elementor-element elementor-element-e46f8f3 elementor-widget-divider--view-line elementor-widget elementor-widget-divider\" data-id=\"e46f8f3\" data-element_type=\"widget\" data-e-type=\"widget\" data-widget_type=\"divider.default\">\n\t\t\t\t<div class=\"elementor-widget-container\">\n\t\t\t\t\t\t\t<div class=\"elementor-divider\">\n\t\t\t<span class=\"elementor-divider-separator\">\n\t\t\t\t\t\t<\/span>\n\t\t<\/div>\n\t\t\t\t\t\t<\/div>\n\t\t\t\t<\/div>\n\t\t\t\t\t<\/div>\n\t\t<\/div>\n\t\t\t\t\t<\/div>\n\t\t<\/section>\n\t\t\t\t<\/div>\n\t\t","protected":false},"excerpt":{"rendered":"<p>HUNGARIAN ASSOCIATION The 64th Hungarian Congress \/ \u00c1rp\u00e1d Akad\u00e9mia \/ \u00c1rp\u00e1d Rend November 28-29 2025\u00a0 \u00a0 \u00a0 \u00a0 \u00a0 Friday and Saturday of Thanksgiving weekend Cleveland Marriott East Hotel 26300 Harvard Rd., Warrensville Heights, OH 44122 Cleveland Marriott East is located at I-271 and I-480 on the edge of Warrensville Heights, Ohio.Our Beachwood, Ohio hotel [&hellip;]<\/p>\n","protected":false},"author":6,"featured_media":0,"parent":0,"menu_order":0,"comment_status":"closed","ping_status":"closed","template":"elementor_header_footer","meta":{"inline_featured_image":false,"ngg_post_thumbnail":0,"footnotes":""},"class_list":["post-183","page","type-page","status-publish","hentry"],"_links":{"self":[{"href":"https:\/\/hungarianassociation.com\/en\/wp-json\/wp\/v2\/pages\/183","targetHints":{"allow":["GET"]}}],"collection":[{"href":"https:\/\/hungarianassociation.com\/en\/wp-json\/wp\/v2\/pages"}],"about":[{"href":"https:\/\/hungarianassociation.com\/en\/wp-json\/wp\/v2\/types\/page"}],"author":[{"embeddable":true,"href":"https:\/\/hungarianassociation.com\/en\/wp-json\/wp\/v2\/users\/6"}],"replies":[{"embeddable":true,"href":"https:\/\/hungarianassociation.com\/en\/wp-json\/wp\/v2\/comments?post=183"}],"version-history":[{"count":34,"href":"https:\/\/hungarianassociation.com\/en\/wp-json\/wp\/v2\/pages\/183\/revisions"}],"predecessor-version":[{"id":25208,"href":"https:\/\/hungarianassociation.com\/en\/wp-json\/wp\/v2\/pages\/183\/revisions\/25208"}],"wp:attachment":[{"href":"https:\/\/hungarianassociation.com\/en\/wp-json\/wp\/v2\/media?parent=183"}],"curies":[{"name":"wp","href":"https:\/\/api.w.org\/{rel}","templated":true}]}}