{"id":688,"date":"2014-11-06T04:58:33","date_gmt":"2014-11-06T10:58:33","guid":{"rendered":"https:\/\/www.hungarianassociation.com\/site\/?page_id=688"},"modified":"2024-10-04T22:06:08","modified_gmt":"2024-10-05T02:06:08","slug":"academy-arpad","status":"publish","type":"page","link":"https:\/\/hungarianassociation.com\/en\/academy-arpad\/","title":{"rendered":"Arpad Academy"},"content":{"rendered":"\t\t<div data-elementor-type=\"wp-page\" data-elementor-id=\"688\" class=\"elementor elementor-688 elementor-682\" data-elementor-post-type=\"page\">\n\t\t\t\t\t\t<section class=\"elementor-section elementor-top-section elementor-element elementor-element-8aad9bf elementor-section-boxed elementor-section-height-default elementor-section-height-default\" data-id=\"8aad9bf\" data-element_type=\"section\" data-e-type=\"section\">\n\t\t\t\t\t\t<div class=\"elementor-container elementor-column-gap-default\">\n\t\t\t\t\t<div class=\"elementor-column elementor-col-100 elementor-top-column elementor-element elementor-element-46c8cfb\" data-id=\"46c8cfb\" data-element_type=\"column\" data-e-type=\"column\">\n\t\t\t<div class=\"elementor-widget-wrap elementor-element-populated\">\n\t\t\t\t\t\t<div class=\"elementor-element elementor-element-e46a028 elementor-widget elementor-widget-text-editor\" data-id=\"e46a028\" data-element_type=\"widget\" data-e-type=\"widget\" data-widget_type=\"text-editor.default\">\n\t\t\t\t<div class=\"elementor-widget-container\">\n\t\t\t\t\t\t\t\t\t<p><img decoding=\"async\" class=\"alignleft wp-image-564 size-full\" style=\"margin: 10px;\" src=\"https:\/\/hungarianassociation.com\/wp-content\/uploads\/2014\/08\/1965.png\" alt=\"1965\" width=\"123\" height=\"207\" srcset=\"https:\/\/hungarianassociation.com\/wp-content\/uploads\/2014\/08\/1965.png 123w, https:\/\/hungarianassociation.com\/wp-content\/uploads\/2014\/08\/1965-115x195.png 115w\" sizes=\"(max-width: 123px) 100vw, 123px\" \/>Founded in 1965. The goal of the \u00c1rp\u00e1d Academy is to discover those valuable and extraordinary works which promote the Hungarian spirit, and to professionally evaluate, and to recognize, elevate, and promote those works, with the intention of keeping the Hungarian spirit alive and energized in the Hungarian communities abroad (America, Canada, Australia, South America and Western Europe).<br \/>The \u00c1rp\u00e1d Academy will recognize those works which have value, and which have attained acknowledgment in the scientific, literary, or artistic arenas, and the assembly will invite these individuals to join the ranks of the Academy. The responsibility of the members is to continue their vocations in the fields of science, literature, and the arts, and to adopt and promote the goals of the \u00c1rp\u00e1d Academy. Among other things, this<br \/>includes the willingness to transmit to the Academy a summary of the member\u2019s accomplishments, and support the Hungarian Association<\/p>\t\t\t\t\t\t\t\t<\/div>\n\t\t\t\t<\/div>\n\t\t\t\t<div class=\"elementor-element elementor-element-fea522e elementor-widget elementor-widget-heading\" data-id=\"fea522e\" data-element_type=\"widget\" data-e-type=\"widget\" data-widget_type=\"heading.default\">\n\t\t\t\t<div class=\"elementor-widget-container\">\n\t\t\t\t\t<h2 class=\"elementor-heading-title elementor-size-default\">Our 2023 \u00c1rp\u00e1d Academy gold medal recipient is \n<b>Dr. John Paul Gyekenyesi<\/b>.<\/h2>\t\t\t\t<\/div>\n\t\t\t\t<\/div>\n\t\t\t\t<div class=\"elementor-element elementor-element-5df00f2 elementor-widget elementor-widget-text-editor\" data-id=\"5df00f2\" data-element_type=\"widget\" data-e-type=\"widget\" data-widget_type=\"text-editor.default\">\n\t\t\t\t<div class=\"elementor-widget-container\">\n\t\t\t\t\t\t\t\t\t<p><strong><b>Dr<\/b>.<b>\u00a0John Paul Gyekenyesi<\/b> served as a Senior Engineer at NASA for 51 years, specializing at first in designing turbomachinery for aerospace propulsion and power systems, and rocket engines for durability and life. Subsequently, he became structures and life prediction technology manager, developing lifting methods for new, advanced materials used in aerospace propulsion systems and spacecraft. He authored more than 70 technical papers and lectured widely in the U.S., Europe and Asia. His technical contributions accelerated the use of engineered composites and ceramics in aerospace structures and engine components. In addition to Dr. Gyekenyesi\u2019s scientific career, he has accomplished a lot in his lifelong love of soccer. Played at the highest amateur level for 20 years, became president of Ohio\u2019s best amateur league, joined a professional Cleveland Team and has been Northern Ohio Soccer President for 27 years. He was inducted into the Ohio Soccer Hall of Fame as well as the USASA Soccer Hall of Fame. Recently, (in 2018) played a major role with FIFA to secure the 2026 World Cup Finals mostly to the USA.<\/strong><\/p>\t\t\t\t\t\t\t\t<\/div>\n\t\t\t\t<\/div>\n\t\t\t\t<div class=\"elementor-element elementor-element-105d7be elementor-widget-divider--view-line elementor-widget elementor-widget-divider\" data-id=\"105d7be\" data-element_type=\"widget\" data-e-type=\"widget\" data-widget_type=\"divider.default\">\n\t\t\t\t<div class=\"elementor-widget-container\">\n\t\t\t\t\t\t\t<div class=\"elementor-divider\">\n\t\t\t<span class=\"elementor-divider-separator\">\n\t\t\t\t\t\t<\/span>\n\t\t<\/div>\n\t\t\t\t\t\t<\/div>\n\t\t\t\t<\/div>\n\t\t\t\t<div class=\"elementor-element elementor-element-ba298f3 elementor-widget elementor-widget-heading\" data-id=\"ba298f3\" data-element_type=\"widget\" data-e-type=\"widget\" data-widget_type=\"heading.default\">\n\t\t\t\t<div class=\"elementor-widget-container\">\n\t\t\t\t\t<h2 class=\"elementor-heading-title elementor-size-default\">We are honored to share that the 2022 \u00c1rp\u00e1d Academy gold medal recipient is <b>Dr. Marius Marton<\/b>. <\/h2>\t\t\t\t<\/div>\n\t\t\t\t<\/div>\n\t\t\t\t<div class=\"elementor-element elementor-element-4e5b352 elementor-widget elementor-widget-text-editor\" data-id=\"4e5b352\" data-element_type=\"widget\" data-e-type=\"widget\" data-widget_type=\"text-editor.default\">\n\t\t\t\t<div class=\"elementor-widget-container\">\n\t\t\t\t\t\t\t\t\t<p>Dr. Marius E. Marton was born in Constan\u021ba, Romania. He grew up in Aranyos Gy\u00e9res, Cluj County, where he began his musical studies at the age of 6.<\/p><p>In 1987, he arrived in the United States, where he started his high school education in Lakewood, Ohio, and later continued at the Baldwin Wallace University Conservatory. As a composition student, he had to become familiar with all orchestral instruments, so he learned to play 17 instruments, as well as singing. Since then, he has written more than 500 songs, numerous orchestral pieces for solo instruments to symphonic orchestras, and lyrics in 3 languages: Hungarian, Romanian, and English. He has founded numerous orchestras here in America and in Transylvania as a conductor, composer, director, and soloist.<\/p><p>In 1996, he completed evangelist training in South Dakota and worked as a lay evangelist for 12 years here in the States, Romania, and Hungary. In 2007, he received a call to serve as a pastor in Ohio in the Seventh-day Adventist Denomination, where he still serves today. He completed his theological studies at the Master&#8217;s level in 2012 in Dayton at the United Methodist Theological Seminary. In 2010, he completed chaplain training at Mansfield Hospital as a Clinical Pastoral Educator.<\/p><p>In 2015, he became a member of the International Conference of Police Chaplains. Since 2016, he has been serving as a chaplain in the Lorain County Sheriff&#8217;s Office. In 2015, he also completed his doctoral studies at the United Theological Seminary. Today, he teaches music voluntarily at the Adventist school in Sheffield Lake, organizes concerts with professional musicians where he performs his own compositions, and preaches the Word of God in Hungarian and English.<\/p>\t\t\t\t\t\t\t\t<\/div>\n\t\t\t\t<\/div>\n\t\t\t\t<div class=\"elementor-element elementor-element-c822fa3 elementor-widget-divider--view-line elementor-widget elementor-widget-divider\" data-id=\"c822fa3\" data-element_type=\"widget\" data-e-type=\"widget\" data-widget_type=\"divider.default\">\n\t\t\t\t<div class=\"elementor-widget-container\">\n\t\t\t\t\t\t\t<div class=\"elementor-divider\">\n\t\t\t<span class=\"elementor-divider-separator\">\n\t\t\t\t\t\t<\/span>\n\t\t<\/div>\n\t\t\t\t\t\t<\/div>\n\t\t\t\t<\/div>\n\t\t\t\t<div class=\"elementor-element elementor-element-889d2e1 elementor-widget elementor-widget-heading\" data-id=\"889d2e1\" data-element_type=\"widget\" data-e-type=\"widget\" data-widget_type=\"heading.default\">\n\t\t\t\t<div class=\"elementor-widget-container\">\n\t\t\t\t\t<h2 class=\"elementor-heading-title elementor-size-default\">2019 New Inductee to the \u00c1rp\u00e1d Academy<br>Dr. J. Louis Kovach of Columbus, Ohio<\/h2>\t\t\t\t<\/div>\n\t\t\t\t<\/div>\n\t\t\t\t<div class=\"elementor-element elementor-element-ad92635 elementor-widget elementor-widget-text-editor\" data-id=\"ad92635\" data-element_type=\"widget\" data-e-type=\"widget\" data-widget_type=\"text-editor.default\">\n\t\t\t\t<div class=\"elementor-widget-container\">\n\t\t\t\t\t\t\t\t\t<p>President, Nucon International Inc. Visiting Scientist Harvard School of Public Health. Specialty: industrial and nuclear safety and waste processing.<\/p><p>Julius Louis Kovach was born in Mez\u0151hegyes, Hungary. His father worked in an oil refinery, where Louis spent a lot of his time growing up. He began his education in Szeged and then Budapest, Hungary. His educational pursuits were then continued in Vancouver, Canada and in Cambridge, Massachusetts, resulting in degrees in Chemical Engineering. After his departure from Hungary in 1956, he gained employment in Prince Rupert, British Columbia, in Canada. In connection with his work, he found that fallout from Soviet A-bomb tests resulted in contamination of a product used as a film base.\u00a0 The work experience in monitoring the fallout and taking countermeasures resulted in being transferred to the USA and working on nuclear submarine radiation control. He developed a product to remove critical contaminants from the operating naval reactors and air cleaning techniques for the initial Polaris nuclear submarines and all subsequent US Navy nuclear vessels. In the USA, he began working as a research engineer, and then became director of research for Barnebey-Cheney Company, air and liquid cleaning material and equipment supplier, in Columbus Ohio.<\/p><p>In 1968 he became a consultant to the Atomic Energy Commission&#8217;s Operational Safety Division, on an individual basis, and he still maintains his consultancy through the transitions of the US Atomic Energy Commission (AEC) to the US Energy Research and Development Administration (ERDA) and now the US Department of Energy (DOE). He was representing the US in various Organization for Economic Cooperation and Development (OECD) and International Atomic Energy Agency (IAEA) functions from 1970 until 2015. He ultimately became chairman of International Atomic Energy Agency and OECD Nuclear Energy Agency committees regarding source term and gaseous waste processing during normal operation, in accidents and following sever accidents in nuclear facilities. He participated in nuclear reactor accident recoveries and the arduous clean-up activities for the waste from plutonium production at the Hanford Site in Washington State and at the Savannah River Laboratory as a Senior Technical Advisor. He was also a member of the documentation preparation team for waste repository licensing at the Yucca Mountain Project. He was chairman of several Subcommittees of CONAGT and ASME task<br \/>group writing standards for nuclear facility gaseous waste processing.<\/p><p>Since 1968 Louis has served in the capacity of visiting lecturer and\/or visiting scientist at the Harvard T. H. Chan School of Public Health, and since 2017 in the Executive and Continuing Professional Education Program at Harvard.<\/p><p>In 1972, during the expansion of the civilian nuclear programs, he founded Nuclear Consulting Services Inc., (now NUCON International Inc.) a worldwide supplier of radiation control equipment and materials located in Columbus Ohio. He invented many new products both for nuclear and chemical industries, like Reverse Brayton Cycle units, mercury control materials, and in his recent work with 3D Biopsy, developing special procedures to better monitor biopsy samples. NUCON is the largest supplier of radioiodine and mercury control materials in the world. Current major nuclear work relates to the new water, gas and sodium cooled modular reactor component designs, and specialized vapor control equipment for the Hanford nuclear waste storage tanks.<\/p><p>In addition to many technical societies, he is a retired major in the Civil Air Patrol and a member of the Friends of Hungary Foundation. He resides in Lewis Center, Ohio. His main hobby is history and enjoys reading a vast trove of history books. He has two children; Louis Meredith Kovach, an avid hot air balloon enthusiast, who unfortunately passed away at the age of 21 in 1981, and Paul Elek Kovach, who is continuing his father\u2019s endeavors at NUCON.<\/p>\t\t\t\t\t\t\t\t<\/div>\n\t\t\t\t<\/div>\n\t\t\t\t\t<\/div>\n\t\t<\/div>\n\t\t\t\t\t<\/div>\n\t\t<\/section>\n\t\t\t\t<section class=\"elementor-section elementor-top-section elementor-element elementor-element-180ac95 elementor-section-boxed elementor-section-height-default elementor-section-height-default\" data-id=\"180ac95\" data-element_type=\"section\" data-e-type=\"section\">\n\t\t\t\t\t\t<div class=\"elementor-container elementor-column-gap-default\">\n\t\t\t\t\t<div class=\"elementor-column elementor-col-100 elementor-top-column elementor-element elementor-element-5ead08b\" data-id=\"5ead08b\" data-element_type=\"column\" data-e-type=\"column\">\n\t\t\t<div class=\"elementor-widget-wrap elementor-element-populated\">\n\t\t\t\t\t\t<div class=\"elementor-element elementor-element-c93ba14 elementor-widget-divider--view-line elementor-widget elementor-widget-divider\" data-id=\"c93ba14\" data-element_type=\"widget\" data-e-type=\"widget\" data-widget_type=\"divider.default\">\n\t\t\t\t<div class=\"elementor-widget-container\">\n\t\t\t\t\t\t\t<div class=\"elementor-divider\">\n\t\t\t<span class=\"elementor-divider-separator\">\n\t\t\t\t\t\t<\/span>\n\t\t<\/div>\n\t\t\t\t\t\t<\/div>\n\t\t\t\t<\/div>\n\t\t\t\t<div class=\"elementor-element elementor-element-1d3a74a elementor-widget elementor-widget-heading\" data-id=\"1d3a74a\" data-element_type=\"widget\" data-e-type=\"widget\" data-widget_type=\"heading.default\">\n\t\t\t\t<div class=\"elementor-widget-container\">\n\t\t\t\t\t<h2 class=\"elementor-heading-title elementor-size-default\">2017 \u00c1rp\u00e1d Academy Induction<br>Prof. Peter Hargitai<\/h2>\t\t\t\t<\/div>\n\t\t\t\t<\/div>\n\t\t\t\t<div class=\"elementor-element elementor-element-fa71a84 elementor-widget elementor-widget-text-editor\" data-id=\"fa71a84\" data-element_type=\"widget\" data-e-type=\"widget\" data-widget_type=\"text-editor.default\">\n\t\t\t\t<div class=\"elementor-widget-container\">\n\t\t\t\t\t\t\t\t\t<figure id=\"attachment_15751\" aria-describedby=\"caption-attachment-15751\" style=\"width: 300px\" class=\"wp-caption alignleft\"><img fetchpriority=\"high\" decoding=\"async\" class=\"wp-image-15751 size-medium\" src=\"https:\/\/hungarianassociation.com\/wp-content\/uploads\/2017\/12\/IMG_2096-300x225.jpg\" alt=\"\" width=\"300\" height=\"225\" srcset=\"https:\/\/hungarianassociation.com\/wp-content\/uploads\/2017\/12\/IMG_2096-300x225.jpg 300w, https:\/\/hungarianassociation.com\/wp-content\/uploads\/2017\/12\/IMG_2096-768x576.jpg 768w, https:\/\/hungarianassociation.com\/wp-content\/uploads\/2017\/12\/IMG_2096-1024x768.jpg 1024w, https:\/\/hungarianassociation.com\/wp-content\/uploads\/2017\/12\/IMG_2096-940x705.jpg 940w, https:\/\/hungarianassociation.com\/wp-content\/uploads\/2017\/12\/IMG_2096-620x465.jpg 620w, https:\/\/hungarianassociation.com\/wp-content\/uploads\/2017\/12\/IMG_2096-195x146.jpg 195w\" sizes=\"(max-width: 300px) 100vw, 300px\" \/><figcaption id=\"caption-attachment-15751\" class=\"wp-caption-text\">Prof. Hargitai P\u00e9ter<\/figcaption><\/figure><p>The Hungarian Association has inducted <strong>Prof. Peter Hargitai<\/strong> into the \u00c1rp\u00e1d Academy and awarded him<br \/>the gold \u00c1rp\u00e1d Medal. The award is presented to Hungarians and their descendants living outside of Hungary, in recognition of scholarly, scientific, literary, inspirational and artistic achievements promoting<br \/>the spirit and knowledge of Hungarian culture.<\/p><p>Through his published works, Prof. Hargitai has promoted Hungarian literature and poetry.<\/p><p><span style=\"text-decoration: underline;\">Published works:<\/span><br \/>Forum: Ten Poets of the Western Reserve<br \/>Perched on Nothing\u2019s Branch (J\u00f3zsef Attila ford.)<br \/>Budapest to Bellevue \/ Budapestt\u0151l New Yorkig \u00e9s tov\u00e1bb,<br \/>Magyar Tales<br \/>The Traveler (Szerb Antal ford.)<br \/>Attila: A Barbarian\u2019s Bedtime Story<br \/>Attila: A Barbarian\u2019s Love Story<br \/>Mother Tongue: A Broken Hungarian Love Song<br \/>My POEMpire (M\u00f3zsi Ferenc ford.)<br \/>Passion for New Beginnings (Bertalan Imre ford.)<br \/>Millie \/ Millie \/ Attila &amp; Lyudmilla<br \/>Daughter of the Revolution \/ A forradalom l\u00e1nya<br \/>Attila J\u00f3zsef: Selected Poems (J\u00f3zsef Attila ford.)<br \/>My Song of Songs (M\u00f3zsi Ferenc ford.)<br \/>InVenting Being (M\u00f3zsi Ferenc ford.)<br \/>Barbarian Phantasy \/ Barb\u00e1r Fant\u00e1zia<br \/>American Hungarian Trilogy \/ Amerikai Magyar Tril\u00f3gia<br \/>Who Let the Bats Out?<br \/>Witch\u2019s Island and other Poems<br \/>Traveler and the Moonlight (Szerb Antal ford.)<\/p><p>His most recent monograph, If Attila Jozsef Were Alive Today, is soon to be published. Prof. Hargitai is an Associate member of the Academy of American Poets and the Hungarian Writers Union, First Poet Laureate of Gulfport, Senior Lecturer, Retired, Department of English, Florida International University<\/p>\t\t\t\t\t\t\t\t<\/div>\n\t\t\t\t<\/div>\n\t\t\t\t\t<\/div>\n\t\t<\/div>\n\t\t\t\t\t<\/div>\n\t\t<\/section>\n\t\t\t\t<\/div>\n\t\t","protected":false},"excerpt":{"rendered":"<p>Founded in 1965. The goal of the \u00c1rp\u00e1d Academy is to discover those valuable and extraordinary works which promote the Hungarian spirit, and to professionally evaluate, and to recognize, elevate, and promote those works, with the intention of keeping the Hungarian spirit alive and energized in the Hungarian communities abroad (America, Canada, Australia, South America [&hellip;]<\/p>\n","protected":false},"author":6,"featured_media":0,"parent":0,"menu_order":0,"comment_status":"closed","ping_status":"closed","template":"","meta":{"inline_featured_image":false,"ngg_post_thumbnail":0,"footnotes":""},"class_list":["post-688","page","type-page","status-publish","hentry"],"_links":{"self":[{"href":"https:\/\/hungarianassociation.com\/en\/wp-json\/wp\/v2\/pages\/688","targetHints":{"allow":["GET"]}}],"collection":[{"href":"https:\/\/hungarianassociation.com\/en\/wp-json\/wp\/v2\/pages"}],"about":[{"href":"https:\/\/hungarianassociation.com\/en\/wp-json\/wp\/v2\/types\/page"}],"author":[{"embeddable":true,"href":"https:\/\/hungarianassociation.com\/en\/wp-json\/wp\/v2\/users\/6"}],"replies":[{"embeddable":true,"href":"https:\/\/hungarianassociation.com\/en\/wp-json\/wp\/v2\/comments?post=688"}],"version-history":[{"count":20,"href":"https:\/\/hungarianassociation.com\/en\/wp-json\/wp\/v2\/pages\/688\/revisions"}],"predecessor-version":[{"id":24470,"href":"https:\/\/hungarianassociation.com\/en\/wp-json\/wp\/v2\/pages\/688\/revisions\/24470"}],"wp:attachment":[{"href":"https:\/\/hungarianassociation.com\/en\/wp-json\/wp\/v2\/media?parent=688"}],"curies":[{"name":"wp","href":"https:\/\/api.w.org\/{rel}","templated":true}]}}