{"id":690,"date":"2014-11-06T04:59:04","date_gmt":"2014-11-06T10:59:04","guid":{"rendered":"https:\/\/www.hungarianassociation.com\/site\/?page_id=690"},"modified":"2024-11-28T19:03:48","modified_gmt":"2024-11-29T00:03:48","slug":"arpad-association","status":"publish","type":"page","link":"https:\/\/hungarianassociation.com\/en\/arpad-association\/","title":{"rendered":"Arpad Alliance"},"content":{"rendered":"\t\t<div data-elementor-type=\"wp-page\" data-elementor-id=\"690\" class=\"elementor elementor-690 elementor-684\" data-elementor-post-type=\"page\">\n\t\t\t\t\t\t<section class=\"elementor-section elementor-top-section elementor-element elementor-element-88cf29a elementor-section-boxed elementor-section-height-default elementor-section-height-default\" data-id=\"88cf29a\" data-element_type=\"section\" data-e-type=\"section\">\n\t\t\t\t\t\t<div class=\"elementor-container elementor-column-gap-default\">\n\t\t\t\t\t<div class=\"elementor-column elementor-col-100 elementor-top-column elementor-element elementor-element-e2e3f5e\" data-id=\"e2e3f5e\" data-element_type=\"column\" data-e-type=\"column\">\n\t\t\t<div class=\"elementor-widget-wrap elementor-element-populated\">\n\t\t\t\t\t\t<div class=\"elementor-element elementor-element-adb9cf8 elementor-widget elementor-widget-text-editor\" data-id=\"adb9cf8\" data-element_type=\"widget\" data-e-type=\"widget\" data-widget_type=\"text-editor.default\">\n\t\t\t\t<div class=\"elementor-widget-container\">\n\t\t\t\t\t\t\t\t\t<p><img decoding=\"async\" class=\"alignleft wp-image-565 size-full\" style=\"font-size: 16px; margin: 10px; text-align: left; letter-spacing: -0.27px;\" src=\"https:\/\/hungarianassociation.com\/wp-content\/uploads\/2014\/08\/1970.png\" alt=\"1970\" width=\"147\" height=\"156\" \/><span style=\"letter-spacing: -0.27px;\">Founded in 1970, established in 1971. It recognizes dedicated<\/span><br style=\"letter-spacing: -0.27px;\" \/><span style=\"letter-spacing: -0.27px;\">Hungarian community leaders (in America, Australia, Canada, South America and<\/span><br style=\"letter-spacing: -0.27px;\" \/><span style=\"letter-spacing: -0.27px;\">Western Europe) who serve their communities in an exemplary fashion by awarding<\/span><br style=\"letter-spacing: -0.27px;\" \/><span style=\"letter-spacing: -0.27px;\">them the \u00c1rp\u00e1d Alliance medal.<\/span><\/p>\t\t\t\t\t\t\t\t<\/div>\n\t\t\t\t<\/div>\n\t\t\t\t\t<\/div>\n\t\t<\/div>\n\t\t\t\t\t<\/div>\n\t\t<\/section>\n\t\t\t\t<section class=\"elementor-section elementor-top-section elementor-element elementor-element-3fef9ae elementor-section-boxed elementor-section-height-default elementor-section-height-default\" data-id=\"3fef9ae\" data-element_type=\"section\" data-e-type=\"section\">\n\t\t\t\t\t\t<div class=\"elementor-container elementor-column-gap-default\">\n\t\t\t\t\t<div class=\"elementor-column elementor-col-100 elementor-top-column elementor-element elementor-element-bbc1dc5\" data-id=\"bbc1dc5\" data-element_type=\"column\" data-e-type=\"column\">\n\t\t\t<div class=\"elementor-widget-wrap elementor-element-populated\">\n\t\t\t\t\t\t<div class=\"elementor-element elementor-element-a12607e elementor-widget elementor-widget-text-editor\" data-id=\"a12607e\" data-element_type=\"widget\" data-e-type=\"widget\" data-widget_type=\"text-editor.default\">\n\t\t\t\t<div class=\"elementor-widget-container\">\n\t\t\t\t\t\t\t\t\t<div class=\"elementor-element elementor-element-bd1708b elementor-widget elementor-widget-heading\" data-id=\"bd1708b\" data-element_type=\"widget\" data-widget_type=\"heading.default\"><div class=\"elementor-widget-container\"><h3 class=\"elementor-heading-title elementor-size-default\">2024 \u00c1rp\u00e1d Alliance Honorees\u00a0<\/h3><\/div><\/div><div class=\"elementor-element elementor-element-0bed882 elementor-widget elementor-widget-text-editor\" data-id=\"0bed882\" data-element_type=\"widget\" data-widget_type=\"text-editor.default\"><div class=\"elementor-widget-container\"><ul><li><strong><a href=\"https:\/\/hungarianassociation.com\/wp-content\/uploads\/2024\/11\/Hargitai-Szov-erem.pdf\">Istv\u00e1n Hargitai biography<\/a><\/strong><\/li><li><strong><a href=\"https:\/\/hungarianassociation.com\/wp-content\/uploads\/2024\/11\/Krasznai-Szov-erem.pdf\">Be\u00e1ta\u00a0<\/a><a href=\"https:\/\/hungarianassociation.com\/wp-content\/uploads\/2024\/11\/Krasznai-Szov-erem.pdf\">Krasznai biography<\/a><\/strong><\/li><li><strong><a href=\"https:\/\/hungarianassociation.com\/wp-content\/uploads\/2024\/11\/Lendvai-Lintner-Szov-erem.pdf\"> Imre\u00a0<\/a><a href=\"https:\/\/hungarianassociation.com\/wp-content\/uploads\/2024\/11\/Lendvai-Lintner-Szov-erem.pdf\">Lendvai-Lintner biography<\/a><\/strong><\/li><li><strong><a href=\"https:\/\/hungarianassociation.com\/wp-content\/uploads\/2024\/11\/Papp-Szov-erem.jpg\">Dr. <\/a><a href=\"https:\/\/hungarianassociation.com\/wp-content\/uploads\/2024\/11\/Papp-Szov-erem.jpg\">Kl\u00e1ra<\/a><a href=\"https:\/\/hungarianassociation.com\/wp-content\/uploads\/2024\/11\/Papp-Szov-erem.jpg\"> Papp biography\u00a0<\/a><\/strong><\/li><li><strong><a href=\"https:\/\/hungarianassociation.com\/wp-content\/uploads\/2024\/11\/SZENTKIRALYI-Szov-erem.pdf\">Judit <\/a><a href=\"https:\/\/hungarianassociation.com\/wp-content\/uploads\/2024\/11\/SZENTKIRALYI-Szov-erem.pdf\">Csia\u00a0<\/a><a href=\"https:\/\/hungarianassociation.com\/wp-content\/uploads\/2024\/11\/SZENTKIRALYI-Szov-erem.pdf\">Szentkir\u00e1lyi biography<\/a><\/strong><\/li><\/ul><\/div><\/div>\t\t\t\t\t\t\t\t<\/div>\n\t\t\t\t<\/div>\n\t\t\t\t<div class=\"elementor-element elementor-element-fce05af elementor-widget elementor-widget-heading\" data-id=\"fce05af\" data-element_type=\"widget\" data-e-type=\"widget\" data-widget_type=\"heading.default\">\n\t\t\t\t<div class=\"elementor-widget-container\">\n\t\t\t\t\t<h2 class=\"elementor-heading-title elementor-size-default\">2018 \u00c1rp\u00e1d Alliance Honoree<\/h2>\t\t\t\t<\/div>\n\t\t\t\t<\/div>\n\t\t\t\t<div class=\"elementor-element elementor-element-3d140ec7 elementor-widget elementor-widget-text-editor\" data-id=\"3d140ec7\" data-element_type=\"widget\" data-e-type=\"widget\" data-widget_type=\"text-editor.default\">\n\t\t\t\t<div class=\"elementor-widget-container\">\n\t\t\t\t\t\t\t\t\t<p><img decoding=\"async\" class=\"alignleft wp-image-18440 size-square_small\" style=\"color: var( --e-global-color-text ); font-family: var( --e-global-typography-text-font-family ), Sans-serif; font-weight: var( --e-global-typography-text-font-weight ); letter-spacing: var( --e-global-typography-f15d7d9-letter-spacing );\" src=\"https:\/\/hungarianassociation.com\/wp-content\/uploads\/2019\/11\/Szentkiralyi-Pal-130x130.jpg\" alt=\"\" width=\"130\" height=\"130\" srcset=\"https:\/\/hungarianassociation.com\/wp-content\/uploads\/2019\/11\/Szentkiralyi-Pal-130x130.jpg 130w, https:\/\/hungarianassociation.com\/wp-content\/uploads\/2019\/11\/Szentkiralyi-Pal-150x150.jpg 150w, https:\/\/hungarianassociation.com\/wp-content\/uploads\/2019\/11\/Szentkiralyi-Pal-70x70.jpg 70w, https:\/\/hungarianassociation.com\/wp-content\/uploads\/2019\/11\/Szentkiralyi-Pal-45x45.jpg 45w\" sizes=\"(max-width: 130px) 100vw, 130px\" \/><br \/>We are honored to be able to present the \u00c1rp\u00e1d Alliance medal to Mr. Paul Szentkir\u00e1lyi. We ask him to step forward at this time. Paul has served our Hungarian community, here in Cleveland and around the world through his leadership in the Hungarian Scout association in Exteris. He has brought innovations to Hungarian scouting while at the same time maintained the culture and traditions of the organization. Whether it is leadership training, character development, camping, or administration, <img decoding=\"async\" class=\"wp-image-18442 alignright\" src=\"https:\/\/hungarianassociation.com\/wp-content\/uploads\/2019\/11\/szentkiralyi-Pal-1-300x187.jpg\" alt=\"\" width=\"150\" height=\"93\" srcset=\"https:\/\/hungarianassociation.com\/wp-content\/uploads\/2019\/11\/szentkiralyi-Pal-1-300x187.jpg 300w, https:\/\/hungarianassociation.com\/wp-content\/uploads\/2019\/11\/szentkiralyi-Pal-1-1024x637.jpg 1024w, https:\/\/hungarianassociation.com\/wp-content\/uploads\/2019\/11\/szentkiralyi-Pal-1-768x478.jpg 768w, https:\/\/hungarianassociation.com\/wp-content\/uploads\/2019\/11\/szentkiralyi-Pal-1-1536x955.jpg 1536w, https:\/\/hungarianassociation.com\/wp-content\/uploads\/2019\/11\/szentkiralyi-Pal-1-2048x1274.jpg 2048w, https:\/\/hungarianassociation.com\/wp-content\/uploads\/2019\/11\/szentkiralyi-Pal-1-940x585.jpg 940w, https:\/\/hungarianassociation.com\/wp-content\/uploads\/2019\/11\/szentkiralyi-Pal-1-620x386.jpg 620w, https:\/\/hungarianassociation.com\/wp-content\/uploads\/2019\/11\/szentkiralyi-Pal-1-195x121.jpg 195w, https:\/\/hungarianassociation.com\/wp-content\/uploads\/2019\/11\/szentkiralyi-Pal-1-564x350.jpg 564w, https:\/\/hungarianassociation.com\/wp-content\/uploads\/2019\/11\/szentkiralyi-Pal-1-200x125.jpg 200w, https:\/\/hungarianassociation.com\/wp-content\/uploads\/2019\/11\/szentkiralyi-Pal-1-240x150.jpg 240w, https:\/\/hungarianassociation.com\/wp-content\/uploads\/2019\/11\/szentkiralyi-Pal-1-320x200.jpg 320w, https:\/\/hungarianassociation.com\/wp-content\/uploads\/2019\/11\/szentkiralyi-Pal-1-472x295.jpg 472w\" sizes=\"(max-width: 150px) 100vw, 150px\" \/>Paul is at home in all these fields and tackles each new challenge with the energy and insight needed to deal with all the generations of our Hungarian scouting community<\/p>\t\t\t\t\t\t\t\t<\/div>\n\t\t\t\t<\/div>\n\t\t\t\t\t<\/div>\n\t\t<\/div>\n\t\t\t\t\t<\/div>\n\t\t<\/section>\n\t\t\t\t<\/div>\n\t\t","protected":false},"excerpt":{"rendered":"<p>Founded in 1970, established in 1971. It recognizes dedicatedHungarian community leaders (in America, Australia, Canada, South America andWestern Europe) who serve their communities in an exemplary fashion by awardingthem the \u00c1rp\u00e1d Alliance medal. 2024 \u00c1rp\u00e1d Alliance Honorees\u00a0 Istv\u00e1n Hargitai biography Be\u00e1ta\u00a0Krasznai biography Imre\u00a0Lendvai-Lintner biography Dr. Kl\u00e1ra Papp biography\u00a0 Judit Csia\u00a0Szentkir\u00e1lyi biography 2018 \u00c1rp\u00e1d Alliance Honoree [&hellip;]<\/p>\n","protected":false},"author":6,"featured_media":0,"parent":0,"menu_order":0,"comment_status":"closed","ping_status":"closed","template":"","meta":{"inline_featured_image":false,"ngg_post_thumbnail":0,"footnotes":""},"class_list":["post-690","page","type-page","status-publish","hentry"],"_links":{"self":[{"href":"https:\/\/hungarianassociation.com\/en\/wp-json\/wp\/v2\/pages\/690","targetHints":{"allow":["GET"]}}],"collection":[{"href":"https:\/\/hungarianassociation.com\/en\/wp-json\/wp\/v2\/pages"}],"about":[{"href":"https:\/\/hungarianassociation.com\/en\/wp-json\/wp\/v2\/types\/page"}],"author":[{"embeddable":true,"href":"https:\/\/hungarianassociation.com\/en\/wp-json\/wp\/v2\/users\/6"}],"replies":[{"embeddable":true,"href":"https:\/\/hungarianassociation.com\/en\/wp-json\/wp\/v2\/comments?post=690"}],"version-history":[{"count":12,"href":"https:\/\/hungarianassociation.com\/en\/wp-json\/wp\/v2\/pages\/690\/revisions"}],"predecessor-version":[{"id":24805,"href":"https:\/\/hungarianassociation.com\/en\/wp-json\/wp\/v2\/pages\/690\/revisions\/24805"}],"wp:attachment":[{"href":"https:\/\/hungarianassociation.com\/en\/wp-json\/wp\/v2\/media?parent=690"}],"curies":[{"name":"wp","href":"https:\/\/api.w.org\/{rel}","templated":true}]}}