{"id":91,"date":"2014-08-16T17:16:58","date_gmt":"2014-08-16T17:16:58","guid":{"rendered":"https:\/\/www.hungarianassociation.com\/site\/?page_id=91"},"modified":"2024-04-26T21:31:13","modified_gmt":"2024-04-27T01:31:13","slug":"mission-statement","status":"publish","type":"page","link":"https:\/\/hungarianassociation.com\/en\/mission-statement\/","title":{"rendered":"Mission statement"},"content":{"rendered":"\t\t<div data-elementor-type=\"wp-page\" data-elementor-id=\"91\" class=\"elementor elementor-91 elementor-12\" data-elementor-post-type=\"page\">\n\t\t\t\t\t\t<section class=\"elementor-section elementor-top-section elementor-element elementor-element-1e26e683 elementor-section-boxed elementor-section-height-default elementor-section-height-default\" data-id=\"1e26e683\" data-element_type=\"section\" data-e-type=\"section\">\n\t\t\t\t\t\t<div class=\"elementor-container elementor-column-gap-default\">\n\t\t\t\t\t<div class=\"elementor-column elementor-col-100 elementor-top-column elementor-element elementor-element-2859b2e9\" data-id=\"2859b2e9\" data-element_type=\"column\" data-e-type=\"column\">\n\t\t\t<div class=\"elementor-widget-wrap elementor-element-populated\">\n\t\t\t\t\t\t<div class=\"elementor-element elementor-element-0e72a4c elementor-widget elementor-widget-heading\" data-id=\"0e72a4c\" data-element_type=\"widget\" data-e-type=\"widget\" data-widget_type=\"heading.default\">\n\t\t\t\t<div class=\"elementor-widget-container\">\n\t\t\t\t\t<h2 class=\"elementor-heading-title elementor-size-default\">MISSION:<\/h2>\t\t\t\t<\/div>\n\t\t\t\t<\/div>\n\t\t\t\t<div class=\"elementor-element elementor-element-cd9e86b elementor-widget elementor-widget-heading\" data-id=\"cd9e86b\" data-element_type=\"widget\" data-e-type=\"widget\" data-widget_type=\"heading.default\">\n\t\t\t\t<div class=\"elementor-widget-container\">\n\t\t\t\t\t<h2 class=\"elementor-heading-title elementor-size-default\">Mission of the Hungarian Association:<\/h2>\t\t\t\t<\/div>\n\t\t\t\t<\/div>\n\t\t\t\t<div class=\"elementor-element elementor-element-37a8de53 elementor-widget elementor-widget-text-editor\" data-id=\"37a8de53\" data-element_type=\"widget\" data-e-type=\"widget\" data-widget_type=\"text-editor.default\">\n\t\t\t\t<div class=\"elementor-widget-container\">\n\t\t\t\t\t\t\t\t\t<p><span style=\"font-size: inherit; text-align: inherit; color: var( --e-global-color-text ); font-family: var( --e-global-typography-text-font-family ), Sans-serif; font-weight: var( --e-global-typography-text-font-weight ); letter-spacing: var( --e-global-typography-f15d7d9-letter-spacing );\">The Hungarian Association is a cultural organization sponsoring an annual Congress which provides a forum for the discussion of issues impacting Hungarian Americans and offers educational, literary, scientific, artistic and informative lectures, films and seminars by members of the Hungarian community. It also recognizes persons of Hungarian origin who did outstanding volunteer work for the betterment of the Hungarian American community, or deserve recognition for their work, including authors, artists and scientists of Hungarian descent. The Association reaches out to Hungarian Americans with sponsorships, a web site and other activities in pursuit of its cultural mission.<\/span><\/p>\t\t\t\t\t\t\t\t<\/div>\n\t\t\t\t<\/div>\n\t\t\t\t<div class=\"elementor-element elementor-element-d75dee5 elementor-widget elementor-widget-heading\" data-id=\"d75dee5\" data-element_type=\"widget\" data-e-type=\"widget\" data-widget_type=\"heading.default\">\n\t\t\t\t<div class=\"elementor-widget-container\">\n\t\t\t\t\t<h2 class=\"elementor-heading-title elementor-size-default\">A short history of the Hungarian Association:<\/h2>\t\t\t\t<\/div>\n\t\t\t\t<\/div>\n\t\t\t\t<section class=\"elementor-section elementor-inner-section elementor-element elementor-element-01f1bd8 elementor-section-boxed elementor-section-height-default elementor-section-height-default\" data-id=\"01f1bd8\" data-element_type=\"section\" data-e-type=\"section\">\n\t\t\t\t\t\t<div class=\"elementor-container elementor-column-gap-default\">\n\t\t\t\t\t<div class=\"elementor-column elementor-col-50 elementor-inner-column elementor-element elementor-element-6981037\" data-id=\"6981037\" data-element_type=\"column\" data-e-type=\"column\">\n\t\t\t<div class=\"elementor-widget-wrap elementor-element-populated\">\n\t\t\t\t\t\t<div class=\"elementor-element elementor-element-5ce7899 elementor-widget elementor-widget-image\" data-id=\"5ce7899\" data-element_type=\"widget\" data-e-type=\"widget\" data-widget_type=\"image.default\">\n\t\t\t\t<div class=\"elementor-widget-container\">\n\t\t\t\t\t\t\t\t\t\t\t\t\t\t\t\t<a href=\"https:\/\/hungarianassociation.com\/wp-content\/uploads\/2014\/07\/A-short-history-of-the-Hungarian-Association-articles-from-Kronika.pdf\">\n\t\t\t\t\t\t\t<img decoding=\"async\" width=\"143\" height=\"221\" src=\"https:\/\/hungarianassociation.com\/wp-content\/uploads\/2014\/07\/A-short-history-of-the-Hungarian-Association-by-Lel-F-Somogyi-book-cover.png\" class=\"attachment-full size-full wp-image-16617\" alt=\"\" srcset=\"https:\/\/hungarianassociation.com\/wp-content\/uploads\/2014\/07\/A-short-history-of-the-Hungarian-Association-by-Lel-F-Somogyi-book-cover.png 143w, https:\/\/hungarianassociation.com\/wp-content\/uploads\/2014\/07\/A-short-history-of-the-Hungarian-Association-by-Lel-F-Somogyi-book-cover-126x195.png 126w\" sizes=\"(max-width: 143px) 100vw, 143px\" \/>\t\t\t\t\t\t\t\t<\/a>\n\t\t\t\t\t\t\t\t\t\t\t\t\t\t\t<\/div>\n\t\t\t\t<\/div>\n\t\t\t\t\t<\/div>\n\t\t<\/div>\n\t\t\t\t<div class=\"elementor-column elementor-col-50 elementor-inner-column elementor-element elementor-element-ffeb312\" data-id=\"ffeb312\" data-element_type=\"column\" data-e-type=\"column\">\n\t\t\t<div class=\"elementor-widget-wrap elementor-element-populated\">\n\t\t\t\t\t\t<div class=\"elementor-element elementor-element-6d6c641 elementor-widget elementor-widget-text-editor\" data-id=\"6d6c641\" data-element_type=\"widget\" data-e-type=\"widget\" data-widget_type=\"text-editor.default\">\n\t\t\t\t<div class=\"elementor-widget-container\">\n\t\t\t\t\t\t\t\t\t<p><em>A short history of the Hungarian Association &#8211; articles from Kr\u00f3nika,&#8221;<\/em> edited by L\u00e9l F. Somogyi, is a 50 page book that contains a number of articles, numerous photos, and a wealth of information in both Hungarian and English about the history of the Hungarian Association and the individuals who had the vision and dedication to carry on its mission of representing and perpetuating the Hungarian culture, for what is now its more than 50 year history.<\/p><p><a href=\"https:\/\/hungarianassociation.com\/wp-content\/uploads\/2014\/07\/A-short-history-of-the-Hungarian-Association-articles-from-Kronika.pdf\">Download PDF: <\/a>&#8220;A short history of the Hungarian Association &#8211; articles from Kr\u00f3nika,&#8221; edited by L\u00e9l F. Somogyi. (Also available as Word doc)<\/p>\t\t\t\t\t\t\t\t<\/div>\n\t\t\t\t<\/div>\n\t\t\t\t\t<\/div>\n\t\t<\/div>\n\t\t\t\t\t<\/div>\n\t\t<\/section>\n\t\t\t\t<div class=\"elementor-element elementor-element-807dc74 elementor-widget elementor-widget-heading\" data-id=\"807dc74\" data-element_type=\"widget\" data-e-type=\"widget\" data-widget_type=\"heading.default\">\n\t\t\t\t<div class=\"elementor-widget-container\">\n\t\t\t\t\t<h2 class=\"elementor-heading-title elementor-size-default\">Hungarian Association timeline<\/h2>\t\t\t\t<\/div>\n\t\t\t\t<\/div>\n\t\t\t\t<div class=\"elementor-element elementor-element-1222e46 elementor-widget elementor-widget-text-editor\" data-id=\"1222e46\" data-element_type=\"widget\" data-e-type=\"widget\" data-widget_type=\"text-editor.default\">\n\t\t\t\t<div class=\"elementor-widget-container\">\n\t\t\t\t\t\t\t\t\t<p><img decoding=\"async\" class=\"alignleft wp-image-562 size-full\" style=\"color: var( --e-global-color-text ); font-family: var( --e-global-typography-text-font-family ), Sans-serif; font-weight: var( --e-global-typography-text-font-weight ); letter-spacing: var( --e-global-typography-f15d7d9-letter-spacing ); margin-bottom: 20px; margin-right: 20px;\" src=\"https:\/\/hungarianassociation.com\/wp-content\/uploads\/2014\/08\/1948-52.png\" alt=\"1948-52\" width=\"125\" height=\"159\" \/><br \/><strong>1948<\/strong>: Innsbruck, Austria Hungarian Association established by dr. John Nadas<\/p><p><strong>1952<\/strong>: Hungarian Association re-established in Cleveland: (recorded as an Ohio organization Nov. 18, 1952); recognized as Federal non-profit April 18, 1972<\/p>\t\t\t\t\t\t\t\t<\/div>\n\t\t\t\t<\/div>\n\t\t\t\t<div class=\"elementor-element elementor-element-eb5c31b elementor-widget-divider--view-line elementor-widget elementor-widget-divider\" data-id=\"eb5c31b\" data-element_type=\"widget\" data-e-type=\"widget\" data-widget_type=\"divider.default\">\n\t\t\t\t<div class=\"elementor-widget-container\">\n\t\t\t\t\t\t\t<div class=\"elementor-divider\">\n\t\t\t<span class=\"elementor-divider-separator\">\n\t\t\t\t\t\t<\/span>\n\t\t<\/div>\n\t\t\t\t\t\t<\/div>\n\t\t\t\t<\/div>\n\t\t\t\t<div class=\"elementor-element elementor-element-862467b elementor-widget elementor-widget-text-editor\" data-id=\"862467b\" data-element_type=\"widget\" data-e-type=\"widget\" data-widget_type=\"text-editor.default\">\n\t\t\t\t<div class=\"elementor-widget-container\">\n\t\t\t\t\t\t\t\t\t<p>\u00a0<\/p><p><img decoding=\"async\" class=\"alignleft wp-image-563 size-full\" style=\"margin-right: 20px;\" src=\"https:\/\/hungarianassociation.com\/wp-content\/uploads\/2014\/08\/1961.png\" alt=\"1961\" width=\"133\" height=\"120\" \/><\/p><p><strong style=\"font-size: inherit; text-align: inherit; color: var( --e-global-color-text ); font-family: var( --e-global-typography-text-font-family ), Sans-serif; letter-spacing: var( --e-global-typography-f15d7d9-letter-spacing );\">\u00a0<\/strong><\/p><p><strong style=\"font-size: inherit; text-align: inherit; color: var( --e-global-color-text ); font-family: var( --e-global-typography-text-font-family ), Sans-serif; letter-spacing: var( --e-global-typography-f15d7d9-letter-spacing );\">1961<\/strong><span style=\"font-size: inherit; text-align: inherit; color: var( --e-global-color-text ); font-family: var( --e-global-typography-text-font-family ), Sans-serif; font-weight: var( --e-global-typography-text-font-weight ); letter-spacing: var( --e-global-typography-f15d7d9-letter-spacing );\">: Hungarian Congress: first World Congress of Hungarians living in the free World, established by Dr. J\u00e1nos Nadas, Dr. Ferenc Somogyi and B\u00e9la B\u00e9ldy. Since then there has been a Congress held every year to date in Cleveland, Ohio.<\/span><\/p>\t\t\t\t\t\t\t\t<\/div>\n\t\t\t\t<\/div>\n\t\t\t\t\t<\/div>\n\t\t<\/div>\n\t\t\t\t\t<\/div>\n\t\t<\/section>\n\t\t\t\t<\/div>\n\t\t","protected":false},"excerpt":{"rendered":"<p>MISSION: Mission of the Hungarian Association: The Hungarian Association is a cultural organization sponsoring an annual Congress which provides a forum for the discussion of issues impacting Hungarian Americans and offers educational, literary, scientific, artistic and informative lectures, films and seminars by members of the Hungarian community. It also recognizes persons of Hungarian origin who [&hellip;]<\/p>\n","protected":false},"author":6,"featured_media":0,"parent":0,"menu_order":0,"comment_status":"closed","ping_status":"closed","template":"","meta":{"inline_featured_image":false,"ngg_post_thumbnail":0,"footnotes":""},"class_list":["post-91","page","type-page","status-publish","hentry"],"_links":{"self":[{"href":"https:\/\/hungarianassociation.com\/en\/wp-json\/wp\/v2\/pages\/91","targetHints":{"allow":["GET"]}}],"collection":[{"href":"https:\/\/hungarianassociation.com\/en\/wp-json\/wp\/v2\/pages"}],"about":[{"href":"https:\/\/hungarianassociation.com\/en\/wp-json\/wp\/v2\/types\/page"}],"author":[{"embeddable":true,"href":"https:\/\/hungarianassociation.com\/en\/wp-json\/wp\/v2\/users\/6"}],"replies":[{"embeddable":true,"href":"https:\/\/hungarianassociation.com\/en\/wp-json\/wp\/v2\/comments?post=91"}],"version-history":[{"count":15,"href":"https:\/\/hungarianassociation.com\/en\/wp-json\/wp\/v2\/pages\/91\/revisions"}],"predecessor-version":[{"id":24089,"href":"https:\/\/hungarianassociation.com\/en\/wp-json\/wp\/v2\/pages\/91\/revisions\/24089"}],"wp:attachment":[{"href":"https:\/\/hungarianassociation.com\/en\/wp-json\/wp\/v2\/media?parent=91"}],"curies":[{"name":"wp","href":"https:\/\/api.w.org\/{rel}","templated":true}]}}