{"id":94,"date":"2014-08-20T04:39:46","date_gmt":"2014-08-20T10:39:46","guid":{"rendered":"https:\/\/www.hungarianassociation.com\/site\/?page_id=94"},"modified":"2024-11-14T23:05:57","modified_gmt":"2024-11-15T04:05:57","slug":"chronicle","status":"publish","type":"page","link":"https:\/\/hungarianassociation.com\/en\/chronicle\/","title":{"rendered":"Chronicle"},"content":{"rendered":"\t\t<div data-elementor-type=\"wp-page\" data-elementor-id=\"94\" class=\"elementor elementor-94 elementor-24\" data-elementor-post-type=\"page\">\n\t\t\t\t<div class=\"elementor-element elementor-element-6fd1d19a e-flex e-con-boxed e-con e-parent\" data-id=\"6fd1d19a\" data-element_type=\"container\" data-e-type=\"container\">\n\t\t\t\t\t<div class=\"e-con-inner\">\n\t\t\t\t<div class=\"elementor-element elementor-element-72a335a4 elementor-widget elementor-widget-text-editor\" data-id=\"72a335a4\" data-element_type=\"widget\" data-e-type=\"widget\" data-widget_type=\"text-editor.default\">\n\t\t\t\t<div class=\"elementor-widget-container\">\n\t\t\t\t\t\t\t\t\t<h5>Kr\u00f3nika &#8211; The Chronicles of the Hungarian Congress<\/h5><p>The Kr\u00f3nika book series represents 50 years of chronicling Hungarians living outside Hungarian borders and in emigration.<\/p><p>For half a century, the Hungarian Association has been publishing the Kr\u00f3nika in book form, including the Hungarian Congress program, texts of delivered and submitted presentations, as well as lectures by Western Hungarian scientists, writers, and artists.<\/p><p>This exceptionally valuable book series provides a very comprehensive picture of Hungarian life in emigration.<\/p><p>The Kr\u00f3nika was edited for 34 consecutive years until 1995 by <a href=\"https:\/\/hungarianassociation.com\/en\/chronicle\/professor-dr-ferenc-somogyi\/\">Professor Dr. Ferenc Somogyi<\/a>, then by his son L\u00e9l F. Somogyi until the series concluded with the 50<sup>th<\/sup> volume in 2010.<\/p><p>The Kr\u00f3nika published many photographs and articles and these were included in the book series. The books appeared in elegant red binding with gold lettering, and were generally each 288-320 pages long.<\/p><p class=\"MsoNormal\">Our aim here is to make available the Hungarian Congress&#8217;s materials through the Kr\u00f3nika to the widest possible audience, in digital format as accessible PDFs, so that interested readers and researchers can access it worldwide, without the limitations of physical book publishing and shipping costs.<\/p><p><em>Links to the Kr\u00f3nika books (PDFs):<\/em><\/p><p><strong><em>A Kr\u00f3nika linkek (PDF-ek):<\/em><\/strong><\/p><p><a href=\"https:\/\/hungarianassociation.com\/wp-content\/uploads\/2021\/04\/Kronikaja-A-Magyar-Tarsasag-1983.pdf\">A Magyar T\u00e1rsas\u00e1g Kr\u00f3nik\u00e1ja \u2013 \u00c1rp\u00e1d Akad\u00e9mia<\/a><\/p><p><a href=\"https:\/\/hungarianassociation.com\/wp-content\/uploads\/2014\/07\/A-short-history-of-the-Hungarian-Association-articles-from-Kronika.pdf\">A Short History of the Hungarian Association \u2013 Articles from the Kr\u00f3nika<\/a><\/p><p><a href=\"https:\/\/hungarianassociation.com\/wp-content\/uploads\/2021\/03\/Kronikaja-1961.pdf\">AZ I. MAGYAR TAL\u00c1LKOZ\u00d3 KR\u00d3NIK\u00c1JA (1961)<\/a><\/p><p><a href=\"https:\/\/hungarianassociation.com\/wp-content\/uploads\/2014\/07\/Kronikaja-1962-63.pdf\">A II. \u00c9S III. MAGYAR TAL\u00c1LKOZ\u00d3 KR\u00d3NIK\u00c1JA (1962-63)<\/a><\/p><p><a href=\"https:\/\/hungarianassociation.com\/wp-content\/uploads\/2014\/07\/Kronikaja-1964-65.pdf\">A IV. \u00c9S V. MAGYAR TAL\u00c1LKOZ\u00d3 KR\u00d3NIK\u00c1JA (1964-65)<\/a><\/p><p><a href=\"https:\/\/hungarianassociation.com\/wp-content\/uploads\/2014\/07\/Kronikaja-1966.pdf\">A VI. MAGYAR TAL\u00c1LKOZ\u00d3\u00a0KR\u00d3NIK\u00c1JA (1966)<\/a><\/p><p><a href=\"https:\/\/hungarianassociation.com\/wp-content\/uploads\/2014\/07\/Kronikaja-1967.pdf\">A VII. MAGYAR TAL\u00c1LKOZ\u00d3\u00a0KR\u00d3NIK\u00c1JA (1967)<\/a><\/p><p><a href=\"https:\/\/hungarianassociation.com\/wp-content\/uploads\/2014\/07\/Kronikaja-1968.pdf\">A VIII. MAGYAR TAL\u00c1LKOZ\u00d3\u00a0KR\u00d3NIK\u00c1JA (1968)<\/a><\/p><p><a href=\"https:\/\/hungarianassociation.com\/wp-content\/uploads\/2014\/07\/Kronikaja-1969.pdf\">A IX. MAGYAR TAL\u00c1LKOZ\u00d3\u00a0KR\u00d3NIK\u00c1JA (1969)<\/a><\/p><p><a href=\"https:\/\/hungarianassociation.com\/wp-content\/uploads\/2014\/07\/Kronikaja-1970.pdf\">A X. MAGYAR TAL\u00c1LKOZ\u00d3\u00a0KR\u00d3NIK\u00c1JA (1970)<\/a><\/p><p><a href=\"https:\/\/hungarianassociation.com\/wp-content\/uploads\/2014\/07\/Kronikaja-1971.pdf\">A XI. MAGYAR TAL\u00c1LKOZ\u00d3\u00a0KR\u00d3NIK\u00c1JA (1971)<\/a><\/p><p><a href=\"https:\/\/hungarianassociation.com\/wp-content\/uploads\/2014\/07\/Kronikaja-1972.pdf\">A XII.\u00a0MAGYAR TAL\u00c1LKOZ\u00d3\u00a0KR\u00d3NIK\u00c1JA (1972)<\/a><\/p><p><a href=\"https:\/\/hungarianassociation.com\/wp-content\/uploads\/2014\/07\/Kronikaja-1973.pdf\">A XIII.\u00a0MAGYAR TAL\u00c1LKOZ\u00d3\u00a0KR\u00d3NIK\u00c1JA (1973)<\/a><\/p><p><a href=\"https:\/\/hungarianassociation.com\/wp-content\/uploads\/2014\/07\/Kronikaja-1974.pdf\">A XIV.\u00a0MAGYAR TAL\u00c1LKOZ\u00d3\u00a0KR\u00d3NIK\u00c1JA (1974)<\/a><\/p><p><a href=\"https:\/\/hungarianassociation.com\/wp-content\/uploads\/2014\/07\/Kronikaja-1975.pdf\">A XV.\u00a0MAGYAR TAL\u00c1LKOZ\u00d3\u00a0KR\u00d3NIK\u00c1JA (1975)<\/a><\/p><p><a href=\"https:\/\/hungarianassociation.com\/wp-content\/uploads\/2014\/07\/Kronikaja-1976.pdf\">A XVI.\u00a0MAGYAR TAL\u00c1LKOZ\u00d3\u00a0KR\u00d3NIK\u00c1JA (1976)<\/a><\/p><p><a href=\"https:\/\/hungarianassociation.com\/wp-content\/uploads\/2014\/07\/Kronikaja-1977.pdf\">A XVII.\u00a0MAGYAR TAL\u00c1LKOZ\u00d3\u00a0KR\u00d3NIK\u00c1JA (1977)<\/a><\/p><p><a href=\"https:\/\/hungarianassociation.com\/wp-content\/uploads\/2014\/07\/Kronikaja-1978.pdf\">A XVIII.\u00a0MAGYAR TAL\u00c1LKOZ\u00d3\u00a0KR\u00d3NIK\u00c1JA (1978)<\/a><\/p><p><a href=\"https:\/\/hungarianassociation.com\/wp-content\/uploads\/2014\/07\/Kronikaja-1979.pdf\">A XIX.\u00a0MAGYAR TAL\u00c1LKOZ\u00d3\u00a0KR\u00d3NIK\u00c1JA (1979)<\/a><\/p><p><a href=\"https:\/\/hungarianassociation.com\/wp-content\/uploads\/2014\/07\/Kronikaja-1980.pdf\">A XX.\u00a0MAGYAR TAL\u00c1LKOZ\u00d3\u00a0KR\u00d3NIK\u00c1JA (1980)<\/a><\/p><p><a href=\"https:\/\/hungarianassociation.com\/wp-content\/uploads\/2015\/06\/Kronikaja-1981.pdf\">A XXI.\u00a0MAGYAR TAL\u00c1LKOZ\u00d3\u00a0KR\u00d3NIK\u00c1JA (1981)<\/a><\/p><p><a href=\"https:\/\/hungarianassociation.com\/wp-content\/uploads\/2014\/07\/Kronikaja-1982.pdf\">A XXII.\u00a0MAGYAR TAL\u00c1LKOZ\u00d3\u00a0KR\u00d3NIK\u00c1JA (1982)<\/a><\/p><p><a href=\"https:\/\/hungarianassociation.com\/wp-content\/uploads\/2015\/05\/Kronikaja-1983.pdf\">A XXIII.\u00a0MAGYAR TAL\u00c1LKOZ\u00d3\u00a0KR\u00d3NIK\u00c1JA (1983)<\/a><\/p><p><a href=\"https:\/\/hungarianassociation.com\/wp-content\/uploads\/2015\/05\/Kronikaja-1984.pdf\">A XXIV.\u00a0MAGYAR TAL\u00c1LKOZ\u00d3\u00a0KR\u00d3NIK\u00c1JA (1984)<\/a><\/p><p><a href=\"https:\/\/hungarianassociation.com\/wp-content\/uploads\/2015\/05\/Kronikaja-1985.pdf\">A XXV.\u00a0MAGYAR TAL\u00c1LKOZ\u00d3\u00a0KR\u00d3NIK\u00c1JA (1985)<\/a><\/p><p><a href=\"https:\/\/hungarianassociation.com\/wp-content\/uploads\/2015\/05\/Kronikaja-1986.pdf\">A XXVI.\u00a0MAGYAR TAL\u00c1LKOZ\u00d3\u00a0KR\u00d3NIK\u00c1JA (1986)<\/a><\/p><p><a href=\"https:\/\/hungarianassociation.com\/wp-content\/uploads\/2015\/06\/Kronikaja-1987.pdf\">A XXVII.\u00a0MAGYAR TAL\u00c1LKOZ\u00d3\u00a0KR\u00d3NIK\u00c1JA (1987)<\/a><\/p><p><a href=\"https:\/\/hungarianassociation.com\/wp-content\/uploads\/2015\/05\/Kronikaja-1988.pdf\">A XXVIII.\u00a0MAGYAR TAL\u00c1LKOZ\u00d3\u00a0KR\u00d3NIK\u00c1JA (1988)<\/a><\/p><p><a href=\"https:\/\/hungarianassociation.com\/wp-content\/uploads\/2015\/05\/Kronikaja-1989.pdf\">A XXIX.\u00a0MAGYAR TAL\u00c1LKOZ\u00d3\u00a0KR\u00d3NIK\u00c1JA (1989)<\/a><\/p><p><a href=\"https:\/\/hungarianassociation.com\/wp-content\/uploads\/2015\/05\/Kronikaja-1990.pdf\">A XXX.\u00a0MAGYAR TAL\u00c1LKOZ\u00d3\u00a0KR\u00d3NIK\u00c1JA (1990)<\/a><\/p><p><a href=\"https:\/\/hungarianassociation.com\/wp-content\/uploads\/2015\/05\/Kronikaja-1991.pdf\">A XXXI.\u00a0MAGYAR TAL\u00c1LKOZ\u00d3\u00a0KR\u00d3NIK\u00c1JA (1991)<\/a><\/p><p><a href=\"https:\/\/hungarianassociation.com\/wp-content\/uploads\/2015\/05\/Kronikaja-1992.pdf\">A XXXII.\u00a0MAGYAR TAL\u00c1LKOZ\u00d3\u00a0KR\u00d3NIK\u00c1JA (1992)<\/a><\/p><p><a href=\"https:\/\/hungarianassociation.com\/wp-content\/uploads\/2015\/05\/Kronikaja-1993.pdf\">A XXXIII.\u00a0MAGYAR TAL\u00c1LKOZ\u00d3\u00a0KR\u00d3NIK\u00c1JA (1993)<\/a><\/p><p><a href=\"https:\/\/hungarianassociation.com\/wp-content\/uploads\/2015\/05\/Kronikaja-1994.pdf\">A XXXIV.\u00a0MAGYAR TAL\u00c1LKOZ\u00d3\u00a0KR\u00d3NIK\u00c1JA (1994)<\/a><\/p><p><a href=\"https:\/\/hungarianassociation.com\/wp-content\/uploads\/2015\/05\/Kronikaja-1995.pdf\">A XXXV.\u00a0MAGYAR TAL\u00c1LKOZ\u00d3\u00a0KR\u00d3NIK\u00c1JA (1995)<\/a><\/p><p><a href=\"https:\/\/hungarianassociation.com\/wp-content\/uploads\/2015\/05\/Kronikaja-1996.pdf\">A XXXVI.\u00a0MAGYAR TAL\u00c1LKOZ\u00d3\u00a0KR\u00d3NIK\u00c1JA (1996)<\/a><\/p><p><a href=\"https:\/\/hungarianassociation.com\/wp-content\/uploads\/2015\/05\/Kronikaja-1997.pdf\">A XXXVII.\u00a0MAGYAR TAL\u00c1LKOZ\u00d3\u00a0KR\u00d3NIK\u00c1JA (1997)<\/a><\/p><p><a href=\"https:\/\/hungarianassociation.com\/wp-content\/uploads\/2015\/05\/Kronikaja-1998.pdf\">A XXXVIII.\u00a0MAGYAR TAL\u00c1LKOZ\u00d3\u00a0KR\u00d3NIK\u00c1JA (1998)<\/a><\/p><p><a href=\"https:\/\/hungarianassociation.com\/wp-content\/uploads\/2015\/05\/Kronikaja-1999.pdf\">A XXXIX.\u00a0MAGYAR TAL\u00c1LKOZ\u00d3\u00a0KR\u00d3NIK\u00c1JA (1999)<\/a><\/p><p><a href=\"https:\/\/hungarianassociation.com\/wp-content\/uploads\/2015\/05\/Kronikaja-2000.pdf\">A XL.\u00a0MAGYAR TAL\u00c1LKOZ\u00d3\u00a0KR\u00d3NIK\u00c1JA (2000)<\/a><\/p><p><a href=\"https:\/\/hungarianassociation.com\/wp-content\/uploads\/2015\/05\/Kronika-2001-Final.pdf\">A XL.\u00a0MAGYAR TAL\u00c1LKOZ\u00d3\u00a0KR\u00d3NIK\u00c1JA (2001)<\/a><\/p><p><a href=\"https:\/\/hungarianassociation.com\/wp-content\/uploads\/2015\/05\/Kronika-2002-Final.pdf\">A XLI.\u00a0MAGYAR TAL\u00c1LKOZ\u00d3\u00a0KR\u00d3NIK\u00c1JA (2002)<\/a><\/p><p><a href=\"https:\/\/hungarianassociation.com\/wp-content\/uploads\/2015\/05\/Kronika-2003-Final.pdf\">A XLII.\u00a0MAGYAR TAL\u00c1LKOZ\u00d3\u00a0KR\u00d3NIK\u00c1JA (2003)<\/a><\/p><p><a href=\"https:\/\/hungarianassociation.com\/wp-content\/uploads\/2015\/05\/Kronika-2004-Final.pdf\">A XLIII.\u00a0MAGYAR TAL\u00c1LKOZ\u00d3\u00a0KR\u00d3NIK\u00c1JA (2004)<\/a><\/p><p><a href=\"https:\/\/hungarianassociation.com\/wp-content\/uploads\/2015\/05\/Kronika-2005-Final.pdf\">A XLIV.\u00a0MAGYAR TAL\u00c1LKOZ\u00d3\u00a0KR\u00d3NIK\u00c1JA (2005)<\/a><\/p><p><a href=\"https:\/\/hungarianassociation.com\/wp-content\/uploads\/2020\/04\/Kronika-2006.pdf\">A XLV. MAGYAR TAL\u00c1LKOZ\u00d3 KR\u00d3NIK\u00c1JA (2006)<\/a><\/p><p><a href=\"https:\/\/hungarianassociation.com\/wp-content\/uploads\/2015\/05\/Kronika-2007-Final.pdf\">A XLVI.\u00a0MAGYAR TAL\u00c1LKOZ\u00d3\u00a0KR\u00d3NIK\u00c1JA (2007)<\/a><\/p><p><a href=\"https:\/\/hungarianassociation.com\/wp-content\/uploads\/2015\/05\/Kronika-2008-Final.pdf\">A XLVII.\u00a0MAGYAR TAL\u00c1LKOZ\u00d3\u00a0KR\u00d3NIK\u00c1JA (2008)<\/a><\/p><p><a href=\"https:\/\/hungarianassociation.com\/wp-content\/uploads\/2015\/05\/Kronika-2009-Final.pdf\">A XLVIII.\u00a0MAGYAR TAL\u00c1LKOZ\u00d3\u00a0KR\u00d3NIK\u00c1JA (2009)<\/a><\/p><p><a href=\"https:\/\/hungarianassociation.com\/wp-content\/uploads\/2015\/05\/Kronika-2010-2011-Final.pdf\">A XLIX. \u00c9S L. MAGYAR TAL\u00c1LKOZ\u00d3 KR\u00d3NIK\u00c1JA (2010-2011)<br \/>\u00c9S AZ \u00c1RP\u00c1D AKAD\u00c9MIA XLIV \u00e9s XLV. \u00c9VK\u00d6NYVE<\/a><\/p>\t\t\t\t\t\t\t\t<\/div>\n\t\t\t\t<\/div>\n\t\t\t\t\t<\/div>\n\t\t\t\t<\/div>\n\t\t\t\t<\/div>\n\t\t","protected":false},"excerpt":{"rendered":"<p>Kr\u00f3nika &#8211; The Chronicles of the Hungarian Congress The Kr\u00f3nika book series represents 50 years of chronicling Hungarians living outside Hungarian borders and in emigration. For half a century, the Hungarian Association has been publishing the Kr\u00f3nika in book form, including the Hungarian Congress program, texts of delivered and submitted presentations, as well as lectures [&hellip;]<\/p>\n","protected":false},"author":6,"featured_media":0,"parent":0,"menu_order":0,"comment_status":"closed","ping_status":"closed","template":"","meta":{"inline_featured_image":false,"ngg_post_thumbnail":0,"footnotes":""},"class_list":["post-94","page","type-page","status-publish","hentry"],"_links":{"self":[{"href":"https:\/\/hungarianassociation.com\/en\/wp-json\/wp\/v2\/pages\/94","targetHints":{"allow":["GET"]}}],"collection":[{"href":"https:\/\/hungarianassociation.com\/en\/wp-json\/wp\/v2\/pages"}],"about":[{"href":"https:\/\/hungarianassociation.com\/en\/wp-json\/wp\/v2\/types\/page"}],"author":[{"embeddable":true,"href":"https:\/\/hungarianassociation.com\/en\/wp-json\/wp\/v2\/users\/6"}],"replies":[{"embeddable":true,"href":"https:\/\/hungarianassociation.com\/en\/wp-json\/wp\/v2\/comments?post=94"}],"version-history":[{"count":10,"href":"https:\/\/hungarianassociation.com\/en\/wp-json\/wp\/v2\/pages\/94\/revisions"}],"predecessor-version":[{"id":24673,"href":"https:\/\/hungarianassociation.com\/en\/wp-json\/wp\/v2\/pages\/94\/revisions\/24673"}],"wp:attachment":[{"href":"https:\/\/hungarianassociation.com\/en\/wp-json\/wp\/v2\/media?parent=94"}],"curies":[{"name":"wp","href":"https:\/\/api.w.org\/{rel}","templated":true}]}}